{"id":82,"date":"2016-01-17T14:07:34","date_gmt":"2016-01-17T14:07:34","guid":{"rendered":"http:\/\/sunemagnusson.se\/?page_id=82"},"modified":"2024-09-02T18:38:33","modified_gmt":"2024-09-02T18:38:33","slug":"media","status":"publish","type":"page","link":"https:\/\/sunemagnusson.se\/?page_id=82","title":{"rendered":"Media"},"content":{"rendered":"<hr \/>\n<p><strong>H\u00e4r kommer n\u00e5gra l\u00e5tar att provlyssna p\u00e5:<\/strong><\/p>\n<p><i>Don&#8217;t be Cruel<\/i>:<\/p>\n<!--[if lt IE 9]><script>document.createElement('audio');<\/script><![endif]-->\n<audio class=\"wp-audio-shortcode\" id=\"audio-82-1\" preload=\"none\" style=\"width: 100%;\" controls=\"controls\"><source type=\"audio\/mpeg\" src=\"http:\/\/sunemagnusson.se\/wp-content\/uploads\/2016\/01\/Don_27t_be_creul.mp3?_=1\" \/><a href=\"http:\/\/sunemagnusson.se\/wp-content\/uploads\/2016\/01\/Don_27t_be_creul.mp3\">http:\/\/sunemagnusson.se\/wp-content\/uploads\/2016\/01\/Don_27t_be_creul.mp3<\/a><\/audio>\n<p><em>Blue Spanish Eyes<\/em>:<\/p>\n<audio class=\"wp-audio-shortcode\" id=\"audio-82-2\" preload=\"none\" style=\"width: 100%;\" controls=\"controls\"><source type=\"audio\/mpeg\" src=\"http:\/\/sunemagnusson.se\/wp-content\/uploads\/2016\/01\/Blue-Spanish-Eyes.mp3?_=2\" \/><a href=\"http:\/\/sunemagnusson.se\/wp-content\/uploads\/2016\/01\/Blue-Spanish-Eyes.mp3\">http:\/\/sunemagnusson.se\/wp-content\/uploads\/2016\/01\/Blue-Spanish-Eyes.mp3<\/a><\/audio>\n<p><em>K\u00e4ra Syster<\/em>:<\/p>\n<audio class=\"wp-audio-shortcode\" id=\"audio-82-3\" preload=\"none\" style=\"width: 100%;\" controls=\"controls\"><source type=\"audio\/mpeg\" src=\"http:\/\/sunemagnusson.se\/wp-content\/uploads\/2016\/01\/K\u00e4ra-Syster.mp3?_=3\" \/><a href=\"http:\/\/sunemagnusson.se\/wp-content\/uploads\/2016\/01\/K\u00e4ra-Syster.mp3\">http:\/\/sunemagnusson.se\/wp-content\/uploads\/2016\/01\/K\u00e4ra-Syster.mp3<\/a><\/audio>\n<p><em>Tanz mit mir:<\/em><\/p>\n<audio class=\"wp-audio-shortcode\" id=\"audio-82-4\" preload=\"none\" style=\"width: 100%;\" controls=\"controls\"><source type=\"audio\/mpeg\" src=\"http:\/\/sunemagnusson.se\/wp-content\/uploads\/2016\/01\/Tanz-mit-mir.mp3?_=4\" \/><a href=\"http:\/\/sunemagnusson.se\/wp-content\/uploads\/2016\/01\/Tanz-mit-mir.mp3\">http:\/\/sunemagnusson.se\/wp-content\/uploads\/2016\/01\/Tanz-mit-mir.mp3<\/a><\/audio>\n<p><em>\u00a0A little bit more<\/em><\/p>\n<audio class=\"wp-audio-shortcode\" id=\"audio-82-5\" preload=\"none\" style=\"width: 100%;\" controls=\"controls\"><source type=\"audio\/mpeg\" src=\"http:\/\/sunemagnusson.se\/wp-content\/uploads\/2016\/01\/A-Littele-Bit-More.mp3?_=5\" \/><a href=\"http:\/\/sunemagnusson.se\/wp-content\/uploads\/2016\/01\/A-Littele-Bit-More.mp3\">http:\/\/sunemagnusson.se\/wp-content\/uploads\/2016\/01\/A-Littele-Bit-More.mp3<\/a><\/audio>\n","protected":false},"excerpt":{"rendered":"<p>H\u00e4r kommer n\u00e5gra l\u00e5tar att provlyssna p\u00e5: Don&#8217;t be Cruel: Blue Spanish Eyes: K\u00e4ra Syster: Tanz mit mir: \u00a0A little bit more<\/p>\n","protected":false},"author":1,"featured_media":0,"parent":0,"menu_order":0,"comment_status":"closed","ping_status":"closed","template":"page-full.php","meta":{"footnotes":""},"_links":{"self":[{"href":"https:\/\/sunemagnusson.se\/index.php?rest_route=\/wp\/v2\/pages\/82"}],"collection":[{"href":"https:\/\/sunemagnusson.se\/index.php?rest_route=\/wp\/v2\/pages"}],"about":[{"href":"https:\/\/sunemagnusson.se\/index.php?rest_route=\/wp\/v2\/types\/page"}],"author":[{"embeddable":true,"href":"https:\/\/sunemagnusson.se\/index.php?rest_route=\/wp\/v2\/users\/1"}],"replies":[{"embeddable":true,"href":"https:\/\/sunemagnusson.se\/index.php?rest_route=%2Fwp%2Fv2%2Fcomments&post=82"}],"version-history":[{"count":18,"href":"https:\/\/sunemagnusson.se\/index.php?rest_route=\/wp\/v2\/pages\/82\/revisions"}],"predecessor-version":[{"id":833,"href":"https:\/\/sunemagnusson.se\/index.php?rest_route=\/wp\/v2\/pages\/82\/revisions\/833"}],"wp:attachment":[{"href":"https:\/\/sunemagnusson.se\/index.php?rest_route=%2Fwp%2Fv2%2Fmedia&parent=82"}],"curies":[{"name":"wp","href":"https:\/\/api.w.org\/{rel}","templated":true}]}}