{"id":719,"date":"2024-01-15T10:50:43","date_gmt":"2024-01-15T10:50:43","guid":{"rendered":"https:\/\/sunemagnusson.se\/?page_id=719"},"modified":"2024-12-13T12:46:53","modified_gmt":"2024-12-13T12:46:53","slug":"evenemang-2024","status":"publish","type":"page","link":"https:\/\/sunemagnusson.se\/?page_id=719","title":{"rendered":"Evenemang 2024"},"content":{"rendered":"\n<p id=\"block-c360dbbd-00f2-458b-9c57-59971ba8d68c\"><strong>7mars<\/strong><\/p>\n\n\n\n<p id=\"block-7a2deb8d-6465-4132-803c-3793cba4a961\">&#8221;F\u00f6rsta tossdan i mars&#8221; Arrangemang med gratis Marsipant\u00e5rta till kaffet samt s\u00e5ng \/ alls\u00e5ng och musikunderh\u00e5llning hos SPF seniorerna i Huskvarna. Lokal Equmeniakyrkan Huskvarna<\/p>\n\n\n\n<p id=\"block-30030c78-edee-42bd-bd2d-f144149a7379\"><strong>4 april<\/strong><\/p>\n\n\n\n<p id=\"block-3fd18fe4-e616-434b-b446-d03b2be78310\">Program med s\u00e5ng och musikunderh\u00e5llning hos \u00c4ldreboendet Solg\u00e5rden, Ingatorp<\/p>\n\n\n\n<p id=\"block-c7ecf529-01ae-4c4d-826b-c750490d179f\"><strong>21 juni<\/strong><\/p>\n\n\n\n<p id=\"block-96b2bbb6-017d-4b10-92f2-62c2ff6b18dc\">Underh\u00e5llning med dansbandsmusik och sommarl\u00e5tar samt lekar och dans kring midsommarst\u00e5ngen vid fritidsomr\u00e5dets H\u00e4stskons Ek. f\u00f6rening \u00d6stra stranden Halmstad<\/p>\n\n\n\n<p id=\"block-20edab6f-0c8a-46fc-8630-3dedd5300c5d\"><strong>27 juli<\/strong><\/p>\n\n\n\n<p id=\"block-009c0008-3b71-4d89-b119-eb8de460ed4a\">Minnesstund utomhus, s\u00e5ng och musiktema &#8221; Gl\u00e4djens tecken&#8221; i Norrn\u00e4s, N\u00e4rpes Finland. Denna minnesstund handlar om att hedra livet och sprida gl\u00e4dje, och genom gl\u00e4djens tecken i form av musik, minnen och gemenskap blir det en vacker hyllning till den bortg\u00e5ngnes ljusa inverkan p\u00e5 v\u00e4rlden.<\/p>\n\n\n\n<p id=\"block-4b50c0f8-c9a6-4853-86ff-a12d64277aaf\"><strong>5 aug<\/strong><\/p>\n\n\n\n<p id=\"block-aa968007-5625-46e7-ae34-77c1279ad74a\">Kusintr\u00e4ff med s\u00e5ng och musikunderh\u00e5llning och alls\u00e5ng vid Juthbacka restaurang i Nykarleby, Finland<\/p>\n\n\n\n<p id=\"block-de1cfccf-16ef-4c4b-9bb0-373eb45c82bd\"><strong>6 sept<\/strong><\/p>\n\n\n\n<p id=\"block-219fa662-fef1-4832-bae6-606458f493c7\">SPF seniorerna V\u00e4stervik p\u00e5 bryggaren kulturscen. Traditionell musikunderh\u00e5llning.<\/p>\n\n\n\n<p id=\"block-84592db9-6a0c-40c4-9926-0505b0ea4e38\"><strong>27 september<\/strong><\/p>\n\n\n\n<p id=\"block-7eb9a753-c1e8-4f76-976b-9d9081f8b9c5\">F\u00f6delsedagsfest f\u00f6r 75 \u00e5ring Lokal Fiskeklubben i J\u00f6nk\u00f6ping program Liver s\u00e5ng MusikQuiz tradiotellt f\u00f6delsedagsprogram.<\/p>\n\n\n\n<p id=\"block-02defb1b-2ea3-4a44-8149-127689a32242\"><strong>23 Oktober<\/strong><\/p>\n\n\n\n<p id=\"block-e6151b10-2c09-475b-a692-c573391d2c82\">SPF seniorerna i Huskvarna, Lokal Equmeniakyrkan i Huskvarna. Program MusikQuiz med live s\u00e5ng.<\/p>\n\n\n\n<p id=\"block-6ac29200-19a0-4169-9d29-782780a77cd2\"><strong>13 nov<\/strong><\/p>\n\n\n\n<p id=\"block-5f3d0acd-973d-4366-977d-e27c10128205\">Kr\u00e5khults f\u00f6redragsf\u00f6rening Lokal All\u00e9g\u00e5rden Program Jul\/Lucia alls\u00e5nger inf\u00f6r julen.<\/p>\n\n\n\n<p id=\"block-ac773998-7ea0-41c6-b162-692249fcb235\"><strong>15 nov<\/strong><\/p>\n\n\n\n<p id=\"block-3c72911a-e7f7-4b09-9360-c7d628574449\">Basilika Kitschen &amp; Bar i J\u00f6nk\u00f6ping, Lokal restaurangens scen, program dansband\/pop\/rock\/evergreens och schlagers.<\/p>\n\n\n\n<p id=\"block-a573b98a-410c-4fd9-9fdb-8afe99ab9439\"><strong>11dec<\/strong><\/p>\n\n\n\n<p id=\"block-cc81eca4-1982-47dc-a3dc-3df02a66dc85\">SPF seniorerna Huskvarna lokal Equmenia Kyrkan program: Lucia t\u00e5g fr\u00e5n Alfred Dalinskolan samt jul-s\u00e5nger med Sune.<\/p>\n\n\n\n<p id=\"block-1c938471-afd0-4373-86a3-8cbacbf65734\">\ufeff<\/p>\n\n\n\n<p id=\"block-5040a11f-462a-4937-b77a-acb2a3dbc314\">\ufeff<\/p>\n\n\n\n<p><\/p>\n","protected":false},"excerpt":{"rendered":"<p>7mars &#8221;F\u00f6rsta tossdan i mars&#8221; Arrangemang med gratis Marsipant\u00e5rta till kaffet samt s\u00e5ng \/ alls\u00e5ng och musikunderh\u00e5llning hos SPF seniorerna i Huskvarna. Lokal Equmeniakyrkan Huskvarna 4 april Program med s\u00e5ng och musikunderh\u00e5llning hos \u00c4ldreboendet Solg\u00e5rden, Ingatorp 21 juni Underh\u00e5llning med dansbandsmusik och sommarl\u00e5tar samt lekar och dans kring midsommarst\u00e5ngen vid fritidsomr\u00e5dets H\u00e4stskons Ek. f\u00f6rening \u00d6stra [&hellip;]<\/p>\n","protected":false},"author":1,"featured_media":0,"parent":29,"menu_order":1,"comment_status":"closed","ping_status":"closed","template":"","meta":{"footnotes":""},"_links":{"self":[{"href":"https:\/\/sunemagnusson.se\/index.php?rest_route=\/wp\/v2\/pages\/719"}],"collection":[{"href":"https:\/\/sunemagnusson.se\/index.php?rest_route=\/wp\/v2\/pages"}],"about":[{"href":"https:\/\/sunemagnusson.se\/index.php?rest_route=\/wp\/v2\/types\/page"}],"author":[{"embeddable":true,"href":"https:\/\/sunemagnusson.se\/index.php?rest_route=\/wp\/v2\/users\/1"}],"replies":[{"embeddable":true,"href":"https:\/\/sunemagnusson.se\/index.php?rest_route=%2Fwp%2Fv2%2Fcomments&post=719"}],"version-history":[{"count":18,"href":"https:\/\/sunemagnusson.se\/index.php?rest_route=\/wp\/v2\/pages\/719\/revisions"}],"predecessor-version":[{"id":846,"href":"https:\/\/sunemagnusson.se\/index.php?rest_route=\/wp\/v2\/pages\/719\/revisions\/846"}],"up":[{"embeddable":true,"href":"https:\/\/sunemagnusson.se\/index.php?rest_route=\/wp\/v2\/pages\/29"}],"wp:attachment":[{"href":"https:\/\/sunemagnusson.se\/index.php?rest_route=%2Fwp%2Fv2%2Fmedia&parent=719"}],"curies":[{"name":"wp","href":"https:\/\/api.w.org\/{rel}","templated":true}]}}