{"id":582,"date":"2021-11-12T17:18:16","date_gmt":"2021-11-12T17:18:16","guid":{"rendered":"http:\/\/sunemagnusson.se\/?page_id=582"},"modified":"2024-12-13T13:18:40","modified_gmt":"2024-12-13T13:18:40","slug":"evenemang-2022","status":"publish","type":"page","link":"https:\/\/sunemagnusson.se\/?page_id=582","title":{"rendered":"Hitta mina evenemang fr\u00e5n 2015 till nu!"},"content":{"rendered":"\n<p>Du kan enkelt hitta och l\u00e4sa om mina evenemang fr\u00e5n 2015 och fram\u00e5t. Anv\u00e4nd kalendern f\u00f6r att v\u00e4lja \u00e5r och f\u00e5 en \u00f6versikt \u00f6ver alla genomf\u00f6rda aktiviteter.<\/p>\n\n\n\n<p><\/p>\n\n\n\n<p>F\u00f6r att se \u00e5rtalen &#8211; vrid din telefon till horisontall\u00e4ge.<\/p>\n\n\n\n<p>Alla mina evenemang samlade p\u00e5 ett st\u00e4lle \u2013 snabbt och enkelt att hitta!<\/p>\n\n\n\n<hr class=\"wp-block-separator has-alpha-channel-opacity is-style-default\"\/>\n\n\n\n<figure class=\"wp-block-image size-full is-resized\"><a href=\"http:\/\/sunemagnusson.se\/wp-content\/uploads\/2016\/12\/Mon\u00e4srodden-Finland-2018.jpg\"><img loading=\"lazy\" decoding=\"async\" width=\"960\" height=\"720\" src=\"http:\/\/sunemagnusson.se\/wp-content\/uploads\/2016\/12\/Mon\u00e4srodden-Finland-2018.jpg\" alt=\"\" class=\"wp-image-381\" style=\"width:440px;height:auto\" srcset=\"https:\/\/sunemagnusson.se\/wp-content\/uploads\/2016\/12\/Mon\u00e4srodden-Finland-2018.jpg 960w, https:\/\/sunemagnusson.se\/wp-content\/uploads\/2016\/12\/Mon\u00e4srodden-Finland-2018-300x225.jpg 300w, https:\/\/sunemagnusson.se\/wp-content\/uploads\/2016\/12\/Mon\u00e4srodden-Finland-2018-768x576.jpg 768w\" sizes=\"(max-width: 960px) 100vw, 960px\" \/><\/a><\/figure>\n\n\n\n<p><\/p>\n\n\n\n<p><\/p>\n\n\n\n<hr class=\"wp-block-separator has-alpha-channel-opacity is-style-default\"\/>\n\n\n\n<figure class=\"wp-block-image size-large is-resized\"><a href=\"https:\/\/sunemagnusson.se\/wp-content\/uploads\/2024\/08\/Kroatorpet-2018-e1536602431604-scaled.jpg\"><img loading=\"lazy\" decoding=\"async\" width=\"798\" height=\"1024\" src=\"https:\/\/sunemagnusson.se\/wp-content\/uploads\/2024\/08\/Kroatorpet-2018-e1536602431604-798x1024.jpg\" alt=\"\" class=\"wp-image-824\" style=\"width:447px;height:auto\" srcset=\"https:\/\/sunemagnusson.se\/wp-content\/uploads\/2024\/08\/Kroatorpet-2018-e1536602431604-798x1024.jpg 798w, https:\/\/sunemagnusson.se\/wp-content\/uploads\/2024\/08\/Kroatorpet-2018-e1536602431604-234x300.jpg 234w, https:\/\/sunemagnusson.se\/wp-content\/uploads\/2024\/08\/Kroatorpet-2018-e1536602431604-768x985.jpg 768w, https:\/\/sunemagnusson.se\/wp-content\/uploads\/2024\/08\/Kroatorpet-2018-e1536602431604-1198x1536.jpg 1198w, https:\/\/sunemagnusson.se\/wp-content\/uploads\/2024\/08\/Kroatorpet-2018-e1536602431604-1597x2048.jpg 1597w, https:\/\/sunemagnusson.se\/wp-content\/uploads\/2024\/08\/Kroatorpet-2018-e1536602431604-scaled.jpg 1996w\" sizes=\"(max-width: 798px) 100vw, 798px\" \/><\/a><\/figure>\n\n\n\n<h2 class=\"wp-block-heading\"><\/h2>\n","protected":false},"excerpt":{"rendered":"<p>Du kan enkelt hitta och l\u00e4sa om mina evenemang fr\u00e5n 2015 och fram\u00e5t. Anv\u00e4nd kalendern f\u00f6r att v\u00e4lja \u00e5r och f\u00e5 en \u00f6versikt \u00f6ver alla genomf\u00f6rda aktiviteter. F\u00f6r att se \u00e5rtalen &#8211; vrid din telefon till horisontall\u00e4ge. Alla mina evenemang samlade p\u00e5 ett st\u00e4lle \u2013 snabbt och enkelt att hitta!<\/p>\n","protected":false},"author":2,"featured_media":383,"parent":29,"menu_order":3,"comment_status":"open","ping_status":"closed","template":"","meta":{"footnotes":""},"_links":{"self":[{"href":"https:\/\/sunemagnusson.se\/index.php?rest_route=\/wp\/v2\/pages\/582"}],"collection":[{"href":"https:\/\/sunemagnusson.se\/index.php?rest_route=\/wp\/v2\/pages"}],"about":[{"href":"https:\/\/sunemagnusson.se\/index.php?rest_route=\/wp\/v2\/types\/page"}],"author":[{"embeddable":true,"href":"https:\/\/sunemagnusson.se\/index.php?rest_route=\/wp\/v2\/users\/2"}],"replies":[{"embeddable":true,"href":"https:\/\/sunemagnusson.se\/index.php?rest_route=%2Fwp%2Fv2%2Fcomments&post=582"}],"version-history":[{"count":58,"href":"https:\/\/sunemagnusson.se\/index.php?rest_route=\/wp\/v2\/pages\/582\/revisions"}],"predecessor-version":[{"id":853,"href":"https:\/\/sunemagnusson.se\/index.php?rest_route=\/wp\/v2\/pages\/582\/revisions\/853"}],"up":[{"embeddable":true,"href":"https:\/\/sunemagnusson.se\/index.php?rest_route=\/wp\/v2\/pages\/29"}],"wp:featuredmedia":[{"embeddable":true,"href":"https:\/\/sunemagnusson.se\/index.php?rest_route=\/wp\/v2\/media\/383"}],"wp:attachment":[{"href":"https:\/\/sunemagnusson.se\/index.php?rest_route=%2Fwp%2Fv2%2Fmedia&parent=582"}],"curies":[{"name":"wp","href":"https:\/\/api.w.org\/{rel}","templated":true}]}}