{"id":49,"date":"2015-12-21T18:20:06","date_gmt":"2015-12-21T18:20:06","guid":{"rendered":"http:\/\/sunemagnusson.se\/?page_id=49"},"modified":"2021-12-26T21:53:29","modified_gmt":"2021-12-26T21:53:29","slug":"hem-3","status":"publish","type":"page","link":"https:\/\/sunemagnusson.se\/","title":{"rendered":"Hem"},"content":{"rendered":"<p><strong>V\u00c4LKOMMEN\u00a0 TILL\u00a0 MIN\u00a0 HEMSIDA !<\/strong><\/p>\n<p><strong>&#8211;\u00a0 MEDIA\u00a0&#8211; g\u00e5r Du in p\u00e5 och lyssnar p\u00e5 min s\u00e5ngmusik<\/strong><\/p>\n<p><strong>&#8211;\u00a0 KONTAKTA\u00a0 MIG\u00a0 &#8211;\u00a0g\u00e5r Du in p\u00e5 n\u00e4r Du vill<\/strong> <strong>boka mig f\u00f6r s\u00e5ng\/musikuppdrag<\/strong><\/p>\n<p>Ser fram emot att Du ringer\/sms-\/e-mailar mig,\u00a0n\u00e4r Du \u00f6nskar underh\u00e5llning till Din<\/p>\n<p>f\u00f6rening, f\u00f6delsedagsfest, br\u00f6llopsfest, danskv\u00e4ll eller vad Du vill hitta p\u00e5.<\/p>\n<p>Du\u00a0 v\u00e4ljer\u00a0 s\u00e5ngprogrammet\u00a0 &#8211;\u00a0 jag\u00a0 ordnar\u00a0 med\u00a0 glad\u00a0 s\u00e5ng-\u00a0 och\u00a0 musik!<\/p>\n<p><strong>NYHET! \u00a0MUSIKQUIZ<\/strong><\/p>\n","protected":false},"excerpt":{"rendered":"<p>V\u00c4LKOMMEN\u00a0 TILL\u00a0 MIN\u00a0 HEMSIDA ! &#8211;\u00a0 MEDIA\u00a0&#8211; g\u00e5r Du in p\u00e5 och lyssnar p\u00e5 min s\u00e5ngmusik &#8211;\u00a0 KONTAKTA\u00a0 MIG\u00a0 &#8211;\u00a0g\u00e5r Du in p\u00e5 n\u00e4r Du vill boka mig f\u00f6r s\u00e5ng\/musikuppdrag Ser fram emot att Du ringer\/sms-\/e-mailar mig,\u00a0n\u00e4r Du \u00f6nskar underh\u00e5llning till Din f\u00f6rening, f\u00f6delsedagsfest, br\u00f6llopsfest, danskv\u00e4ll eller vad Du vill hitta p\u00e5. Du\u00a0 v\u00e4ljer\u00a0 s\u00e5ngprogrammet\u00a0 [&hellip;]<\/p>\n","protected":false},"author":1,"featured_media":0,"parent":0,"menu_order":0,"comment_status":"closed","ping_status":"closed","template":"page-full.php","meta":{"footnotes":""},"_links":{"self":[{"href":"https:\/\/sunemagnusson.se\/index.php?rest_route=\/wp\/v2\/pages\/49"}],"collection":[{"href":"https:\/\/sunemagnusson.se\/index.php?rest_route=\/wp\/v2\/pages"}],"about":[{"href":"https:\/\/sunemagnusson.se\/index.php?rest_route=\/wp\/v2\/types\/page"}],"author":[{"embeddable":true,"href":"https:\/\/sunemagnusson.se\/index.php?rest_route=\/wp\/v2\/users\/1"}],"replies":[{"embeddable":true,"href":"https:\/\/sunemagnusson.se\/index.php?rest_route=%2Fwp%2Fv2%2Fcomments&post=49"}],"version-history":[{"count":7,"href":"https:\/\/sunemagnusson.se\/index.php?rest_route=\/wp\/v2\/pages\/49\/revisions"}],"predecessor-version":[{"id":610,"href":"https:\/\/sunemagnusson.se\/index.php?rest_route=\/wp\/v2\/pages\/49\/revisions\/610"}],"wp:attachment":[{"href":"https:\/\/sunemagnusson.se\/index.php?rest_route=%2Fwp%2Fv2%2Fmedia&parent=49"}],"curies":[{"name":"wp","href":"https:\/\/api.w.org\/{rel}","templated":true}]}}