{"id":424,"date":"2019-05-01T14:25:02","date_gmt":"2019-05-01T14:25:02","guid":{"rendered":"http:\/\/sunemagnusson.se\/?page_id=424"},"modified":"2024-01-15T10:26:56","modified_gmt":"2024-01-15T10:26:56","slug":"evenemang-2019","status":"publish","type":"page","link":"https:\/\/sunemagnusson.se\/?page_id=424","title":{"rendered":"Evenemang 2019"},"content":{"rendered":"\n<hr class=\"wp-block-separator has-text-color has-background has-black-background-color has-black-color\"\/>\n\n\n\n<p class=\"has-text-align-left\"><strong>Den&nbsp; 17 maj&nbsp; Gyllene Uttern, Gr\u00e4nna.&nbsp; <\/strong>Inspelning av video f\u00f6r s\u00e5ng- och musikunderh\u00e5llning f\u00f6r hotellet.<\/p>\n\n\n\n<p class=\"has-text-align-left\"><strong>Den&nbsp; 22 maj&nbsp; &#8221; Glada r\u00f6sters k\u00f6r vid Pingstkyrkan, Huskvarna.&nbsp;&nbsp;<\/strong>K\u00f6rmedlem med s\u00e5ngunderh\u00e5llning kl. 15.00 &#8211; 16.00.<\/p>\n\n\n\n<p class=\"has-text-align-left\"><strong>Den&nbsp; 5&nbsp; juni&nbsp; &#8221; SPF &#8211; Seniorerna,&nbsp; Huskvarna &#8221;. Alls\u00e5nger&nbsp;och musikunderh\u00e5llning<\/strong>&nbsp; fr\u00e5n s\u00e5ngh\u00e4ften med &#8221;Evert Taube visor i v\u00e5ra hj\u00e4rtan&#8221;. Lokal: Unionens restaurang i Huskvarna.<\/p>\n\n\n\n<p class=\"has-text-align-left\"><strong>Den&nbsp; 6 juni&nbsp; Nationaldagen &#8221; Kroatorpets Mat- och Caf\u00e9 servering utomhus i Huskvarna. &#8221;&nbsp;&nbsp;<\/strong>S\u00e5ng- och musikunderh\u00e5llning&nbsp; kl. 11.00 &#8211; 18.00.<\/p>\n\n\n\n<p class=\"has-text-align-left\"><strong>Den 21 juli &#8221; Midsommarafton utomhus vid kv. H\u00e4stskon, \u00d6stra<\/strong>&nbsp;<strong>stranden, Halmstad.&nbsp;<\/strong>S\u00e5ng- och musikunderh\u00e5llning Kl. 14.30 &#8211; 15.00. <strong>Musik- och s\u00e5ngunderh\u00e5llning till dans- och lekar runt midsommarst\u00e5ngen kl. 15.00 &#8211; 16.00.<\/strong>&nbsp; S\u00e5ng- och musikunderh\u00e5llning kl. 16.00 &#8211; 16.30.<\/p>\n\n\n\n<p class=\"has-text-align-left\"><strong>Den 23 juli&nbsp; &#8221; Pension\u00e4rshemmet&nbsp; i Munsala, \u00d6sterbotten, Finland. &#8221;&nbsp;&nbsp;<\/strong>S\u00e5ng- och musikunderh\u00e5llning kl.14.00 &#8211; 16.00.<\/p>\n\n\n\n<p class=\"has-text-align-left\"><strong>Den 26 juli&nbsp; &#8221; Hagalunds Pension\u00e4rscenter, Nykarleby, \u00d6sterbotten, Finland. &#8221;&nbsp;&nbsp;<\/strong>S\u00e5ng- och musikunderh\u00e5llning kl. 14.00 &#8211; 16.00.<\/p>\n\n\n\n<p class=\"has-text-align-left\"><strong>Den 29 augusti&nbsp; &#8221;PRO-f\u00f6reningen i Vaggeryd&#8221;.<\/strong>&nbsp; S\u00e5ng- och musikunderh\u00e5llning vid Sj\u00f6bog\u00e5rden, Vaggeryd kl. 14.30 &#8211; 16.00<\/p>\n\n\n\n<p class=\"has-text-align-left\"><strong>Den 17 oktober&nbsp; &#8221; SPF-Seniorerna<\/strong>&nbsp;&nbsp;<strong>i&nbsp; Sk\u00e4rstad&nbsp; \/ \u00d6lmstad<\/strong><strong> &#8221;.&nbsp;&nbsp;<\/strong>S\u00e5ng- och musikunderh\u00e5llning lokal: Allianskyrkan&nbsp; kl. 15.00 &#8211; 16.30.<\/p>\n\n\n\n<p class=\"has-text-align-left\"><strong>Den 21 oktober &#8221; PRO-f\u00f6reningen i V\u00e4stervik&#8221;.<\/strong>&nbsp; S\u00e5ng- och musikunderh\u00e5llning lokal: Marieborgs kyrkan&nbsp; kl. 13.30 &#8211; 16.00.<\/p>\n\n\n\n<p class=\"has-text-align-left\"><strong>Den 23 oktober &#8221; PRO-f\u00f6reningen i Vimmerby.&#8221;<\/strong>&nbsp; S\u00e5ng- och musikunderh\u00e5llning vid Skolrestaurangen&nbsp; kl. 12.00 &#8211; 17.00<\/p>\n\n\n\n<p class=\"has-text-align-left\"><strong>Den 04 december&nbsp; &#8221; Svenska Kyrkan&nbsp; i&nbsp; Los Cristianos, Teneriffa. &#8221;&nbsp;<\/strong>S\u00e5ng- och MusikQuiz &#8221; vid &#8221;Mitt i Torget-afton&#8221; kl. 18.00.<\/p>\n\n\n\n<p class=\"has-text-align-left\">&nbsp;<\/p>\n","protected":false},"excerpt":{"rendered":"<p>Den&nbsp; 17 maj&nbsp; Gyllene Uttern, Gr\u00e4nna.&nbsp; Inspelning av video f\u00f6r s\u00e5ng- och musikunderh\u00e5llning f\u00f6r hotellet. Den&nbsp; 22 maj&nbsp; &#8221; Glada r\u00f6sters k\u00f6r vid Pingstkyrkan, Huskvarna.&nbsp;&nbsp;K\u00f6rmedlem med s\u00e5ngunderh\u00e5llning kl. 15.00 &#8211; 16.00. Den&nbsp; 5&nbsp; juni&nbsp; &#8221; SPF &#8211; Seniorerna,&nbsp; Huskvarna &#8221;. Alls\u00e5nger&nbsp;och musikunderh\u00e5llning&nbsp; fr\u00e5n s\u00e5ngh\u00e4ften med &#8221;Evert Taube visor i v\u00e5ra hj\u00e4rtan&#8221;. Lokal: Unionens restaurang i [&hellip;]<\/p>\n","protected":false},"author":1,"featured_media":0,"parent":0,"menu_order":0,"comment_status":"closed","ping_status":"closed","template":"","meta":{"footnotes":""},"_links":{"self":[{"href":"https:\/\/sunemagnusson.se\/index.php?rest_route=\/wp\/v2\/pages\/424"}],"collection":[{"href":"https:\/\/sunemagnusson.se\/index.php?rest_route=\/wp\/v2\/pages"}],"about":[{"href":"https:\/\/sunemagnusson.se\/index.php?rest_route=\/wp\/v2\/types\/page"}],"author":[{"embeddable":true,"href":"https:\/\/sunemagnusson.se\/index.php?rest_route=\/wp\/v2\/users\/1"}],"replies":[{"embeddable":true,"href":"https:\/\/sunemagnusson.se\/index.php?rest_route=%2Fwp%2Fv2%2Fcomments&post=424"}],"version-history":[{"count":19,"href":"https:\/\/sunemagnusson.se\/index.php?rest_route=\/wp\/v2\/pages\/424\/revisions"}],"predecessor-version":[{"id":709,"href":"https:\/\/sunemagnusson.se\/index.php?rest_route=\/wp\/v2\/pages\/424\/revisions\/709"}],"wp:attachment":[{"href":"https:\/\/sunemagnusson.se\/index.php?rest_route=%2Fwp%2Fv2%2Fmedia&parent=424"}],"curies":[{"name":"wp","href":"https:\/\/api.w.org\/{rel}","templated":true}]}}