{"id":42,"date":"2015-12-21T18:15:20","date_gmt":"2015-12-21T18:15:20","guid":{"rendered":"http:\/\/sunemagnusson.se\/?page_id=42"},"modified":"2024-01-15T10:16:18","modified_gmt":"2024-01-15T10:16:18","slug":"sida-1-3","status":"publish","type":"page","link":"https:\/\/sunemagnusson.se\/?page_id=42","title":{"rendered":"Om Mig"},"content":{"rendered":"<hr \/>\n<p><strong>Information\u00a0 om\u00a0 mig:<\/strong><\/p>\n<p>\u00c4r\u00a0 en\u00a0 glad\u00a0 pension\u00e4r\u00a0 som\u00a0 \u00e4r\u00a0 f\u00f6dd\u00a0 i\u00a0 Mariannelund\u00a0 och\u00a0 bodde\u00a0 d\u00e4r\u00a0 innan\u00a0 jag\u00a0 flyttade\u00a0 till\u00a0 Huskvarna\u00a0 \u00e5r\u00a0 2000.<\/p>\n<p>Bodde i Vimmerby i \u00a08 \u00e5r d\u00e4r mina 2 s\u00f6ner f\u00f6ddes, Peder och Mattias, \u00a0samt var inneboende under tre l\u00e4s\u00e5r d\u00e5 jag gick p\u00e5 Vimmerby Samrealskola\u00a0 1956 &#8211; 1960. Flyttade \u00a0tillbaka med familjen till min f\u00f6delseort Mariannelund h\u00f6sten 1974.<\/p>\n<p>Efter realexamen, \u00a01 \u00e5rs Handelsutbildning vid \u00a0Mariannelunds Praktiska skola. F\u00f6rsta jobbet \u00a0i \u00a07 m\u00e5nader som kontorist hos Vulkcentralen AB, Vetlanda. \u00a0Milit\u00e4rtj\u00e4nstg\u00f6ring \u00a0som signalist vid A6 regemente i J\u00f6nk\u00f6ping.<\/p>\n<p><strong>Efter &#8221;lumpen&#8221; anst\u00e4lld i familjef\u00f6retaget Magnussons D\u00e4ckservice AB \u00a0i\u00a0 Mariannelund \u00a0och Hultsfred. Fr\u00e5n och med sommaren 1971, del\u00e4gare i de b\u00e5da f\u00f6retagen, tillsammans med min bror Stig,<\/strong> <strong>\u00a0d\u00e5 v\u00e5r far och grundare av familjef\u00f6retaget ( \u00e5r 1936 ) hastigt avled p\u00e5 grund av sjukdom.<\/strong><\/p>\n<p><strong>\u00c5r 1994 ink\u00f6ptes Franssons Gummiverkstad, \u00c4l\u00e5kra Vimmerby, med Lars Leander som arbetande\u00a0 platschef, <\/strong>\u00a0<strong>av Stig och mig. M<\/strong><strong>in \u00e4ldsta son Peder arbetade som platschef d\u00e4r fr\u00e5n 1995.\u00a0 <\/strong><\/p>\n<p><strong>Under bokf\u00f6rings\u00e5ret 1997 valdes Peder in i styrelsen f\u00f6r samtliga f\u00f6retag och han tillhandla h\u00f6ll\u00a0 d\u00e5 20% av aktierna i alla tre f\u00f6retagen.<\/strong><\/p>\n<p><strong>Sista december 1999 \u00f6verl\u00e4t jag min del av Vimmerbyf\u00f6retaget till Peder, som k\u00f6pte andra halvan av Stig, varp\u00e5 aktie\u00e4gande\/ styrelseuppdrag i Hultsfred- och Mariannelunds \u00f6vergick till min bror. Resterande del\u00a0 s\u00e5lde jag till Stig, som d\u00e5 blev \u00e4gare av f\u00f6retagen i Mariannelund\u00a0 och Hultsfred.<\/strong><\/p>\n<p><strong>Peder \u00e4r numera \u00e4gare av MD GROUP AB d\u00e4r f\u00f6retagen Magnussons D\u00e4ckservice AB \u00a0i \u00a0Vimmerby, Oskarshamn, Mariannelund, Hultsfred samt Eksj\u00f6 ing\u00e5r.<\/strong><\/p>\n<p><strong>Mattias<\/strong> <strong>\u00e4r utbildad till civilingenj\u00f6r och jobbar som ABB ROBOTICS\u00a0 SENIOR PROJECT &amp; CHIEF ENGINEER i <\/strong><strong>V\u00c4STER\u00c5S<\/strong><strong>,\u00a0 som har produktion och utveckling i Sverige, Tyskland, Kina och USA.<\/strong><\/p>\n<p>\u00c4r \u00a0idrottsintresserad\u00a0\u00a0\u00a0och\u00a0 har\u00a0\u00a0sj\u00e4lv\u00a0\u00a0spelat\u00a0 <strong>fotboll<\/strong>\u00a0 i \u00a0( Mariannelunds AIS div.V\u00a0 &#8211; Hultsfreds AIK div.IV-III\u00a0 -Vimmerby IF div.III ),\u00a0 <strong>bandy<\/strong> ( Mariannelunds AIS div.III-II ) &#8211; Hebe IF\u00a0 Silverdalen Div.III-II )\u00a0\u00a0och\u00a0 <strong>ishockey<\/strong> ( Vimmerby IF div.III-II\u00a0 \u00a0 \u00a0 \u00a0 &#8211; Huskvarna IF div.II ) samt veteran hockey med HV-71 Oldtimers Team U65.\u00a0 Har ocks\u00e5 spelat <strong>Tennis<\/strong> som medlem i Vimmerby TK och Mariannelunds TK.\u00a0 Spelar \/ tr\u00e4nar \u00a0ocks\u00e5 lite <strong>Bordtennis<\/strong> \u00a0med \u00a0Huskvarna \u00a0S\u00f6dras veteranlag 4.<\/p>\n<p>Spelade \u00a0i \u00a0<strong>Oldtimers \u00a0Hockey \u00a0Word \u00a0Cup \u00a02007 \u00a0in \u00a0Scandinavium, G\u00f6teborg<\/strong> \u00a0med \u00a0<strong>HV-71:s \u00e4ldrelag \u00a0Team U65<\/strong> \u00a0i \u00a0divisionen 60+ och \u00a0vann \u00a0en \u00a0silvermedalj d\u00e4r.<\/p>\n<p><strong>\u00c5r 2010<\/strong> spelade jag ( 68 \u00e5r ) \u00a0med \u00a0delar \u00a0av \u00a0( bl.a \u00a0Bosse Ahl och Ove Th\u00f6rnberg SM-guld 1995 ) <strong>HV-71:s yngre Oldtimers Team<\/strong>\u00a0 i \u00a0<strong>30th Annual Florida \u00a0Palms \u00a0Oldtimers \u00a0Hockey \u00a0Tournament, \u00a0USA.<\/strong> Det blev en silvermedalj d\u00e4r med i divisionen 45+.<\/p>\n<p><strong>P\u00e5\u00a0\u00a0\u00a0\u00e4ldre\u00a0\u00a0\u00a0dagar\u00a0\u00a0har\u00a0\u00a0jag\u00a0\u00a0funnit\u00a0 gl\u00e4dje\u00a0 i\u00a0 egna s\u00e5ng-\u00a0 och\u00a0 musikframtr\u00e4danden med Alls\u00e5nger.<\/strong><\/p>\n<p>Erfarenhet\u00a0 fr\u00e5n\u00a0 underh\u00e5llning\u00a0 p\u00e5\u00a0 olika\u00a0 kommunala Seniorboenden, \u00c4ldreboenden ,\u00a0 SPF- Seniorerna\u00a0 och\u00a0 PRO-f\u00f6reningar\u00a0 samt\u00a0 olika\u00a0 f\u00f6reningsm\u00f6ten.<\/p>\n<p>Sedan\u00a0 n\u00e5gra\u00a0 \u00e5r\u00a0\u00a0tillbaka\u00a0 varje\u00a0 sommar\u00a0 p\u00e5\u00a0 senior- \/ pension\u00e4rsboenden\u00a0 i\u00a0 Nykarleby\u00a0 och\u00a0 Jakobstad\u00a0 i\u00a0 \u00d6sterbotten\u00a0 Finland\u00a0 och\u00a0 p\u00e5\u00a0 stora\u00a0 scenen\u00a0 under\u00a0 \u201dJakobstad dagarna\u201d\u00a0 i\u00a0 juli \u00a0m\u00e5nad.<\/p>\n<p>\u00c4ven \u00a0sjungit\u00a0 vid\u00a0 Missionskyrkans\u00a0 caf\u00e9tr\u00e4ffar\u00a0 samt\u00a0 i\u00a0\u00a0Svenska\u00a0 kyrkan.<\/p>\n<p>Underh\u00e5llning\u00a0 f\u00f6r\u00a0 canceropererade\u00a0 kvinnor \/ m\u00e4n\u00a0 vid\u00a0 rehabiliteringsveckor\u00a0 i\u00a0 Tran\u00e5s\u00a0 och\u00a0 J\u00f6nk\u00f6ping.<\/p>\n<p>Veteranbil tr\u00e4ffar\u00a0 utomhus\u00a0 sommartid \u00a0i \u00a0L\u00f6nneberga.\u00a0 Framtr\u00e4dande\u00a0 p\u00e5\u00a0 sommarcaf\u00e9\u00a0 Stalpet\u00a0 i\u00a0 Aneby.\u00a0 Sk\u00f6rdefester\u00a0 med\u00a0 dansmusik\u00a0 p\u00e5\u00a0 \u00d6land.<\/p>\n<p>Dansmusik\u00a0 p\u00e5\u00a0 n\u00e5gra\u00a0 \u00e4ldreboenden,\u00a0 mycket\u00a0 uppskattat\u00a0 och\u00a0 v\u00e4lkommet.<\/p>\n<p>Medverkat\u00a0 i\u00a0 <strong>Lars-lisa Anderssons\u00a0 Christmas\u00a0 Gospelk\u00f6r\u00a0 2015,<\/strong>\u00a0 sj\u00f6ng\u00a0 tenorst\u00e4mman.<\/p>\n<p>Medlem i <strong>Glada R\u00f6sters k\u00f6r i Huskvarna<\/strong> med k\u00f6rledare Gunnar Andersson och musiker Christer M\u00f6ller.<\/p>\n<p><strong>\u00c5r 2016\u00a0 ooch 2019\u00a0 underh\u00f6ll \u00a0jag \u00a0med \u00a0Musikquiz samt 2022 med Alls\u00e5nger\u00a0 i \u00a0Svenska kyrkan, \u00a0Los \u00a0Cristianos,<\/strong><\/p>\n<p><strong> Teneriffa, Spanien<\/strong><\/p>\n<p><strong>Nationaldagen \u00e5r 2011 Nationaltal p\u00e5 Mariannelunds Hembygdsg\u00e5rden i Mariannelund och kommande \u00e5r 2023 tal &#8211; och musikunderh\u00e5llning.<\/strong><\/p>\n<p><strong>\u00c5r 2019, 2022 samt kommande midsommaraftons underh\u00e5llning kring Midsommarst\u00e5ngen vid f\u00f6reningen H\u00e4stskon \u00d6stra stranden i Halmstad.<\/strong><\/p>\n","protected":false},"excerpt":{"rendered":"<p>Information\u00a0 om\u00a0 mig: \u00c4r\u00a0 en\u00a0 glad\u00a0 pension\u00e4r\u00a0 som\u00a0 \u00e4r\u00a0 f\u00f6dd\u00a0 i\u00a0 Mariannelund\u00a0 och\u00a0 bodde\u00a0 d\u00e4r\u00a0 innan\u00a0 jag\u00a0 flyttade\u00a0 till\u00a0 Huskvarna\u00a0 \u00e5r\u00a0 2000. Bodde i Vimmerby i \u00a08 \u00e5r d\u00e4r mina 2 s\u00f6ner f\u00f6ddes, Peder och Mattias, \u00a0samt var inneboende under tre l\u00e4s\u00e5r d\u00e5 jag gick p\u00e5 Vimmerby Samrealskola\u00a0 1956 &#8211; 1960. Flyttade \u00a0tillbaka med familjen [&hellip;]<\/p>\n","protected":false},"author":1,"featured_media":0,"parent":0,"menu_order":0,"comment_status":"closed","ping_status":"closed","template":"page-full.php","meta":{"footnotes":""},"_links":{"self":[{"href":"https:\/\/sunemagnusson.se\/index.php?rest_route=\/wp\/v2\/pages\/42"}],"collection":[{"href":"https:\/\/sunemagnusson.se\/index.php?rest_route=\/wp\/v2\/pages"}],"about":[{"href":"https:\/\/sunemagnusson.se\/index.php?rest_route=\/wp\/v2\/types\/page"}],"author":[{"embeddable":true,"href":"https:\/\/sunemagnusson.se\/index.php?rest_route=\/wp\/v2\/users\/1"}],"replies":[{"embeddable":true,"href":"https:\/\/sunemagnusson.se\/index.php?rest_route=%2Fwp%2Fv2%2Fcomments&post=42"}],"version-history":[{"count":32,"href":"https:\/\/sunemagnusson.se\/index.php?rest_route=\/wp\/v2\/pages\/42\/revisions"}],"predecessor-version":[{"id":820,"href":"https:\/\/sunemagnusson.se\/index.php?rest_route=\/wp\/v2\/pages\/42\/revisions\/820"}],"wp:attachment":[{"href":"https:\/\/sunemagnusson.se\/index.php?rest_route=%2Fwp%2Fv2%2Fmedia&parent=42"}],"curies":[{"name":"wp","href":"https:\/\/api.w.org\/{rel}","templated":true}]}}