{"id":316,"date":"2018-04-27T10:43:18","date_gmt":"2018-04-27T10:43:18","guid":{"rendered":"http:\/\/sunemagnusson.se\/?page_id=316"},"modified":"2024-01-15T10:27:32","modified_gmt":"2024-01-15T10:27:32","slug":"evenemang-2018","status":"publish","type":"page","link":"https:\/\/sunemagnusson.se\/?page_id=316","title":{"rendered":"Evenemang 2018"},"content":{"rendered":"\n<hr class=\"wp-block-separator has-text-color has-background has-black-background-color has-black-color\"\/>\n\n\n\n<p class=\"has-text-align-left\"><strong>Den 23 maj\u00a0 &#8221;Glada R\u00f6sters k\u00f6r&#8221;, Huskvarna <\/strong>som k\u00f6rmedlem i Pingstkyrkan, Huskvarna.<\/p>\n\n\n\n<p class=\"has-text-align-left\"><strong>Den 6 juni Sveriges nationaldag vid nyinvigningen av &#8221;Kroatorpets Caf\u00e9servering&#8221; i Huskvarna&nbsp;<\/strong>med s\u00e5ng- och musikunderh\u00e5llning utomhus fr\u00e5n <strong>kl. 11.00 till kl. 18.00.<\/strong><\/p>\n\n\n\n<p class=\"has-text-align-left\"><strong>Den&nbsp; 4 juli seniortr\u00e4ff p\u00e5 &#8221;Baronen i Gr\u00e4nna&#8221; <\/strong>underh\u00e5llning&nbsp;med <strong>Alls\u00e5ng.<\/strong><\/p>\n\n\n\n<p class=\"has-text-align-left\"><strong>Den&nbsp; 5 juli&nbsp; &#8221;P\u00e5 Torget&#8221; i&nbsp; Mariannelund ,utomhus<\/strong> med s\u00e5ng- och musikunderh\u00e5llning.<\/p>\n\n\n\n<p class=\"has-text-align-left\"><strong>Den 21 juli &#8221;Mon\u00e4srodden&#8221;, \u00d6sterbotten Finland, <\/strong>med&nbsp;s\u00e5ng- och musikunderh\u00e5llning fr\u00e5n&nbsp;ett lastbilsflak som scen.<\/p>\n\n\n\n<p class=\"has-text-align-left\"><strong>Under vecka 22 juli &#8211; 29 juli &#8221;Jakobstadsdagarna&#8221;, Jakobstad, \u00d6sterbotten,&nbsp;&nbsp;<\/strong>s\u00e5ng- och musikunderh\u00e5llning utomhus vid skolparken p\u00e5 stora scenen med en TV-kameraman&nbsp; och en ljudtekniker p\u00e5 scenen samt tv\u00e5 styck TV-kameram\u00e4n tillsammans med tv\u00e5 ljudtekniker ute vid publiken.<\/p>\n\n\n\n<p class=\"has-text-align-left\"><strong>Den&nbsp; 27 juli&nbsp; &#8221;Hagalunds Pension\u00e4rscenter &#8221;, Jakobstad, \u00d6sterbotten,<\/strong>&nbsp;med s\u00e5ng- och musikunderh\u00e5llning.,<\/p>\n\n\n\n<p class=\"has-text-align-left\"><strong>Den&nbsp; 10&nbsp; augusti&nbsp; seniortr\u00e4ff p\u00e5 &#8221;H\u00f6rnan&#8221; i Huskvarna,&nbsp;<\/strong>med <strong>MusikQuiz.<\/strong><\/p>\n\n\n\n<p class=\"has-text-align-left\"><strong>Den 14&nbsp; augusti &#8221; SPF-Seniorerna i Vimmerby &#8221;,<\/strong>&nbsp;s\u00e5ng- och musikunderh\u00e5llning<strong>&nbsp;<\/strong>utomhus med grillfest vid <strong>Brunnsparken i S\u00f6dra Vi. P\u00e5 grund av v\u00e4derf\u00f6rh\u00e5llandet var vi inomhus p\u00e5 N\u00f6jespalatset &#8221;Pumpen&#8221; i S\u00f6dra Vi, 150 st bes\u00f6kare.&nbsp;<\/strong><\/p>\n\n\n\n<p class=\"has-text-align-left\"><strong>Den&nbsp; 17&nbsp; oktober &#8221; Unionens Seniorboende&nbsp; &#8221;, Huskvarna.&nbsp; Kr\u00e4ftfest med Musik Quiz underh\u00e5llning.<\/strong><\/p>\n\n\n\n<p class=\"has-text-align-left\"><strong>Den&nbsp; 23&nbsp; oktober &#8221; Trygghetsboendet Fabriken &#8221;, J\u00f6nk\u00f6ping.&nbsp; Musik Quiz -underh\u00e5llning.<\/strong><\/p>\n\n\n\n<p class=\"has-text-align-left\"><strong>Den&nbsp; 27&nbsp; november &#8221; H\u00f6rselskadades f\u00f6rening &#8221;, J\u00f6nk\u00f6ping.&nbsp; Advents- och Juls\u00e5ngs underh\u00e5llning med alls\u00e5ng.<\/strong><\/p>\n\n\n\n<p class=\"has-text-align-left\"><strong>Den&nbsp; 28&nbsp; november &#8221; Glada R\u00f6sters k\u00f6r &#8221;,&nbsp; i Pingstkyrkan, Huskvarna, som medlem i k\u00f6ren.<\/strong><\/p>\n\n\n\n<p class=\"has-text-align-left\"><strong>Den 02 december&nbsp; &#8221; Hembygdsf\u00f6reningen 90 \u00e5r i Mariannelund.&nbsp; Julmarknad med servering av&nbsp; bl.a Gr\u00f6t- och skinksm\u00f6rg\u00e5sar vid Hembygdsg\u00e5rden.&nbsp; Juls\u00e5nger- och musikunderh\u00e5llning. Lokal:&nbsp; Ladan i Hembygdsg\u00e5rden.<\/strong><\/p>\n","protected":false},"excerpt":{"rendered":"<p>Den 23 maj\u00a0 &#8221;Glada R\u00f6sters k\u00f6r&#8221;, Huskvarna som k\u00f6rmedlem i Pingstkyrkan, Huskvarna. Den 6 juni Sveriges nationaldag vid nyinvigningen av &#8221;Kroatorpets Caf\u00e9servering&#8221; i Huskvarna&nbsp;med s\u00e5ng- och musikunderh\u00e5llning utomhus fr\u00e5n kl. 11.00 till kl. 18.00. Den&nbsp; 4 juli seniortr\u00e4ff p\u00e5 &#8221;Baronen i Gr\u00e4nna&#8221; underh\u00e5llning&nbsp;med Alls\u00e5ng. Den&nbsp; 5 juli&nbsp; &#8221;P\u00e5 Torget&#8221; i&nbsp; Mariannelund ,utomhus med s\u00e5ng- och [&hellip;]<\/p>\n","protected":false},"author":2,"featured_media":0,"parent":0,"menu_order":0,"comment_status":"closed","ping_status":"closed","template":"","meta":{"footnotes":""},"_links":{"self":[{"href":"https:\/\/sunemagnusson.se\/index.php?rest_route=\/wp\/v2\/pages\/316"}],"collection":[{"href":"https:\/\/sunemagnusson.se\/index.php?rest_route=\/wp\/v2\/pages"}],"about":[{"href":"https:\/\/sunemagnusson.se\/index.php?rest_route=\/wp\/v2\/types\/page"}],"author":[{"embeddable":true,"href":"https:\/\/sunemagnusson.se\/index.php?rest_route=\/wp\/v2\/users\/2"}],"replies":[{"embeddable":true,"href":"https:\/\/sunemagnusson.se\/index.php?rest_route=%2Fwp%2Fv2%2Fcomments&post=316"}],"version-history":[{"count":26,"href":"https:\/\/sunemagnusson.se\/index.php?rest_route=\/wp\/v2\/pages\/316\/revisions"}],"predecessor-version":[{"id":711,"href":"https:\/\/sunemagnusson.se\/index.php?rest_route=\/wp\/v2\/pages\/316\/revisions\/711"}],"wp:attachment":[{"href":"https:\/\/sunemagnusson.se\/index.php?rest_route=%2Fwp%2Fv2%2Fmedia&parent=316"}],"curies":[{"name":"wp","href":"https:\/\/api.w.org\/{rel}","templated":true}]}}