{"id":19,"date":"2015-12-21T17:42:34","date_gmt":"2015-12-21T17:42:34","guid":{"rendered":"http:\/\/sunemagnusson.se\/?page_id=19"},"modified":"2024-01-15T10:16:43","modified_gmt":"2024-01-15T10:16:43","slug":"sida-1","status":"publish","type":"page","link":"https:\/\/sunemagnusson.se\/?page_id=19","title":{"rendered":"Kontakta Mig"},"content":{"rendered":"<hr \/>\n<p><strong>KONTAKTINFORMATION<\/strong><\/p>\n<p><strong>Adress:<\/strong>\u00a0 Sune \u00a0Magnusson \u00a0Ljunggatan 9, \u00a0561 42 \u00a0HUSKVARNA.<\/p>\n<p><strong>Telefon:\u00a0 +46708983540<\/strong><\/p>\n<p><strong>Mail<\/strong>:\u00a0\u00a0<a href=\"mailto:enusmagnusson@hotmail.com\" target=\"_blank\" rel=\"noopener\">enusmagnusson@hotmail.com<\/a><\/p>\n<p><strong>Samarbetar med:\u00a0<\/strong> Studiefr\u00e4mjandet i J\u00f6nk\u00f6ping,<\/p>\n<p>ABF \/ Vuxenskolan i J\u00f6nk\u00f6pings l\u00e4n.<\/p>\n","protected":false},"excerpt":{"rendered":"<p>KONTAKTINFORMATION Adress:\u00a0 Sune \u00a0Magnusson \u00a0Ljunggatan 9, \u00a0561 42 \u00a0HUSKVARNA. Telefon:\u00a0 +46708983540 Mail:\u00a0\u00a0enusmagnusson@hotmail.com Samarbetar med:\u00a0 Studiefr\u00e4mjandet i J\u00f6nk\u00f6ping, ABF \/ Vuxenskolan i J\u00f6nk\u00f6pings l\u00e4n.<\/p>\n","protected":false},"author":1,"featured_media":0,"parent":0,"menu_order":0,"comment_status":"closed","ping_status":"closed","template":"page-full.php","meta":{"footnotes":""},"_links":{"self":[{"href":"https:\/\/sunemagnusson.se\/index.php?rest_route=\/wp\/v2\/pages\/19"}],"collection":[{"href":"https:\/\/sunemagnusson.se\/index.php?rest_route=\/wp\/v2\/pages"}],"about":[{"href":"https:\/\/sunemagnusson.se\/index.php?rest_route=\/wp\/v2\/types\/page"}],"author":[{"embeddable":true,"href":"https:\/\/sunemagnusson.se\/index.php?rest_route=\/wp\/v2\/users\/1"}],"replies":[{"embeddable":true,"href":"https:\/\/sunemagnusson.se\/index.php?rest_route=%2Fwp%2Fv2%2Fcomments&post=19"}],"version-history":[{"count":15,"href":"https:\/\/sunemagnusson.se\/index.php?rest_route=\/wp\/v2\/pages\/19\/revisions"}],"predecessor-version":[{"id":700,"href":"https:\/\/sunemagnusson.se\/index.php?rest_route=\/wp\/v2\/pages\/19\/revisions\/700"}],"wp:attachment":[{"href":"https:\/\/sunemagnusson.se\/index.php?rest_route=%2Fwp%2Fv2%2Fmedia&parent=19"}],"curies":[{"name":"wp","href":"https:\/\/api.w.org\/{rel}","templated":true}]}}