{"id":136,"date":"2016-12-12T16:15:27","date_gmt":"2016-12-12T16:15:27","guid":{"rendered":"http:\/\/sunemagnusson.se\/?page_id=136"},"modified":"2024-08-24T07:40:11","modified_gmt":"2024-08-24T07:40:11","slug":"evenemang-2015","status":"publish","type":"page","link":"https:\/\/sunemagnusson.se\/?page_id=136","title":{"rendered":"Evenemang 2015"},"content":{"rendered":"\n<hr class=\"wp-block-separator\"\/>\n\n\n\n<p><strong>Mitt deltagande under 2015<\/strong><\/p>\n\n\n\n<p><strong>18 mars<\/strong>&nbsp; Mannek\u00e4nguppvisning f\u00f6r SPF\/ Seniorerna p\u00e5 Unionen Huskvarna deltog som mannek\u00e4ng.&nbsp; <strong>27 april<\/strong>&nbsp; En timmas direkts\u00e4ndning med N\u00e4ssj\u00f6 SPF-f\u00f6renings lokalradio P5.&nbsp; <strong>27 april<\/strong> Dansafton&nbsp;p\u00e5 Kavlag\u00e5rdens \u00e4ldreboende&nbsp;i&nbsp;Huskvarna. <strong>13 maj<\/strong>&nbsp; S\u00e5ng- och musikunderh\u00e5llning vid SPF\/ Seniorernas&nbsp;m\u00e5nadsm\u00f6te p\u00e5 Unionen Huskvarna.&nbsp; <strong>10<\/strong> <strong>juni<\/strong>&nbsp; S\u00e5ng- och musikunderh\u00e5llning vid Stalpet Caf\u00e9 i Aneby.&nbsp; <strong>25 juni<\/strong>&nbsp; S\u00e5ng- och musikunderh\u00e5llning&nbsp; vid Veteranbiltr\u00e4ffen&nbsp;i L\u00f6nneberga\/Silverdalen.<\/p>\n\n\n\n<p><strong>21 juli&nbsp; <\/strong>S\u00e5ng- och musikunderh\u00e5llning&nbsp;vid Munsalas Pension\u00e4rshem i \u00d6sterbotten Finland.&nbsp; <strong>23 juli&nbsp; <\/strong>S\u00e5ng- och musikunderh\u00e5llning f\u00f6r Seniorboende p\u00e5 H\u00f6torgs city i Jakobstad \u00d6sterbotten Finland.&nbsp; <strong>23 <\/strong><strong>juli&nbsp;<\/strong>&nbsp;S\u00e5ng- och musikunderh\u00e5llning vid &#8221; Jakobstads dagarna &#8221; p\u00e5 stora scenen&nbsp;Skolparken i Jakobstad \u00d6sterbotten Finland.&nbsp; <strong>24 juli&nbsp;<\/strong>&nbsp;S\u00e5ng- och musikunderh\u00e5llning p\u00e5 Hagalunds Pension\u00e4rshem Nykarleby i \u00d6sterbotten Finland.&nbsp; <strong>29 augusti&nbsp; <\/strong>Alls\u00e5ng \/ pubafton&nbsp;och musikunderh\u00e5llning&nbsp;p\u00e5 Stadshotellet i Laholm tillsammans med Huskvarna S\u00f6dras bordtennismedlemmar&nbsp;vid deras \u00e5rliga&nbsp;tr\u00e4ningsl\u00e4ger.<\/p>\n\n\n\n<p><strong>17 oktober&nbsp;<\/strong> Alls\u00e5ng- och musikunderh\u00e5llning vid min 55 \u00e5rs realexamen skoltr\u00e4ff tillsammans med mina klasskamrater p\u00e5 Stadshotellet i Vimmerby.&nbsp; <strong>23 oktober&nbsp; <\/strong>S\u00e5ng- och musikunderh\u00e5llning vid h\u00f6stm\u00f6te med J\u00f6nk\u00f6pingspolisens pension\u00e4rsf\u00f6rening p\u00e5 Lindg\u00e5rden i J\u00f6nk\u00f6ping.&nbsp; <strong>4 november&nbsp; <\/strong>Dansafton p\u00e5 Kavlag\u00e5rdens \u00e4ldreboende i Huskvarna.&nbsp; <strong>5 december&nbsp; <\/strong>Medlem i&nbsp; Larslisa Anderssons&nbsp; k\u00f6r &#8221;Christmas Gospel 2015&#8221;&nbsp;,&nbsp; sj\u00f6ng tenorst\u00e4mman vid dagens tv\u00e5 framtr\u00e4danden i Svenska Kyrkan, Reftele.&nbsp; <strong>6 december&nbsp;<\/strong>&nbsp;Deltog i &#8221;Christmas Gospel 2015&#8221; k\u00f6rens tv\u00e5 konserter i&nbsp; Allianskyrkan, J\u00f6nk\u00f6ping.&nbsp;<strong>&nbsp;&nbsp;<\/strong><\/p>\n","protected":false},"excerpt":{"rendered":"<p>Mitt deltagande under 2015 18 mars&nbsp; Mannek\u00e4nguppvisning f\u00f6r SPF\/ Seniorerna p\u00e5 Unionen Huskvarna deltog som mannek\u00e4ng.&nbsp; 27 april&nbsp; En timmas direkts\u00e4ndning med N\u00e4ssj\u00f6 SPF-f\u00f6renings lokalradio P5.&nbsp; 27 april Dansafton&nbsp;p\u00e5 Kavlag\u00e5rdens \u00e4ldreboende&nbsp;i&nbsp;Huskvarna. 13 maj&nbsp; S\u00e5ng- och musikunderh\u00e5llning vid SPF\/ Seniorernas&nbsp;m\u00e5nadsm\u00f6te p\u00e5 Unionen Huskvarna.&nbsp; 10 juni&nbsp; S\u00e5ng- och musikunderh\u00e5llning vid Stalpet Caf\u00e9 i Aneby.&nbsp; 25 juni&nbsp; S\u00e5ng- [&hellip;]<\/p>\n","protected":false},"author":1,"featured_media":0,"parent":29,"menu_order":10,"comment_status":"closed","ping_status":"closed","template":"","meta":{"footnotes":""},"_links":{"self":[{"href":"https:\/\/sunemagnusson.se\/index.php?rest_route=\/wp\/v2\/pages\/136"}],"collection":[{"href":"https:\/\/sunemagnusson.se\/index.php?rest_route=\/wp\/v2\/pages"}],"about":[{"href":"https:\/\/sunemagnusson.se\/index.php?rest_route=\/wp\/v2\/types\/page"}],"author":[{"embeddable":true,"href":"https:\/\/sunemagnusson.se\/index.php?rest_route=\/wp\/v2\/users\/1"}],"replies":[{"embeddable":true,"href":"https:\/\/sunemagnusson.se\/index.php?rest_route=%2Fwp%2Fv2%2Fcomments&post=136"}],"version-history":[{"count":17,"href":"https:\/\/sunemagnusson.se\/index.php?rest_route=\/wp\/v2\/pages\/136\/revisions"}],"predecessor-version":[{"id":714,"href":"https:\/\/sunemagnusson.se\/index.php?rest_route=\/wp\/v2\/pages\/136\/revisions\/714"}],"up":[{"embeddable":true,"href":"https:\/\/sunemagnusson.se\/index.php?rest_route=\/wp\/v2\/pages\/29"}],"wp:attachment":[{"href":"https:\/\/sunemagnusson.se\/index.php?rest_route=%2Fwp%2Fv2%2Fmedia&parent=136"}],"curies":[{"name":"wp","href":"https:\/\/api.w.org\/{rel}","templated":true}]}}